 {"id":14151,"date":"2025-04-01T13:45:27","date_gmt":"2025-04-01T13:45:27","guid":{"rendered":"https:\/\/netultra.com.br\/parnamirim-rn\/?page_id=14151"},"modified":"2025-04-09T13:49:53","modified_gmt":"2025-04-09T13:49:53","slug":"sobre-nos","status":"publish","type":"page","link":"https:\/\/netultra.com.br\/parnamirim-rn\/sobre-nos\/","title":{"rendered":"Sobre n\u00f3s"},"content":{"rendered":"<p>Em 2010, nascemos com o prop\u00f3sito de fornecer conex\u00f5es de internet excepcionais para atender \u00e0 demanda local. Hoje, a <strong>NetUltra<\/strong> \u00e9 uma hist\u00f3ria de crescimento exponencial, constru\u00edda com a agilidade, excel\u00eancia no atendimento e o compromisso de superar expectativas.<\/p>\n<p>Somos a escolha certa para quem busca um servi\u00e7o eficiente e confi\u00e1vel.<\/p>\n<p>Na <strong>NetUltra<\/strong>, temos o plano perfeito para satisfazer todas as suas necessidades, seja para voc\u00ea ou para o seu neg\u00f3cio. Conecte-se com alta velocidade e qualidade!<\/p>\n<p><strong> Internet de confian\u00e7a para \u00e1reas urbanas e rurais.<\/strong><br \/>\n<strong> Conectando voc\u00ea com velocidade, tecnologia e inova\u00e7\u00e3o.<\/strong><\/p>\n","protected":false},"excerpt":{"rendered":"<p>Em 2010, nascemos com o prop\u00f3sito de fornecer conex\u00f5es de internet excepcionais para atender \u00e0 demanda local. Hoje, a NetUltra \u00e9 uma hist\u00f3ria de crescimento exponencial, constru\u00edda com a agilidade, excel\u00eancia no atendimento e o compromisso de superar expectativas. Somos a escolha certa para quem busca um servi\u00e7o eficiente e confi\u00e1vel. Na NetUltra, temos o [&hellip;]<\/p>\n","protected":false},"author":2,"featured_media":14498,"parent":0,"menu_order":0,"comment_status":"closed","ping_status":"closed","template":"","meta":{"footnotes":""},"class_list":["post-14151","page","type-page","status-publish","has-post-thumbnail","hentry"],"_links":{"self":[{"href":"https:\/\/netultra.com.br\/parnamirim-rn\/wp-json\/wp\/v2\/pages\/14151","targetHints":{"allow":["GET"]}}],"collection":[{"href":"https:\/\/netultra.com.br\/parnamirim-rn\/wp-json\/wp\/v2\/pages"}],"about":[{"href":"https:\/\/netultra.com.br\/parnamirim-rn\/wp-json\/wp\/v2\/types\/page"}],"author":[{"embeddable":true,"href":"https:\/\/netultra.com.br\/parnamirim-rn\/wp-json\/wp\/v2\/users\/2"}],"replies":[{"embeddable":true,"href":"https:\/\/netultra.com.br\/parnamirim-rn\/wp-json\/wp\/v2\/comments?post=14151"}],"version-history":[{"count":0,"href":"https:\/\/netultra.com.br\/parnamirim-rn\/wp-json\/wp\/v2\/pages\/14151\/revisions"}],"wp:featuredmedia":[{"embeddable":true,"href":"https:\/\/netultra.com.br\/parnamirim-rn\/wp-json\/wp\/v2\/media\/14498"}],"wp:attachment":[{"href":"https:\/\/netultra.com.br\/parnamirim-rn\/wp-json\/wp\/v2\/media?parent=14151"}],"curies":[{"name":"wp","href":"https:\/\/api.w.org\/{rel}","templated":true}]}}