 {"id":14147,"date":"2025-04-01T13:42:56","date_gmt":"2025-04-01T13:42:56","guid":{"rendered":"https:\/\/netultra.com.br\/parnamirim-rn\/?page_id=14147"},"modified":"2025-04-09T14:47:33","modified_gmt":"2025-04-09T14:47:33","slug":"consultoria-de-rede","status":"publish","type":"page","link":"https:\/\/netultra.com.br\/parnamirim-rn\/consultoria-de-rede\/","title":{"rendered":"Consultoria de Rede"},"content":{"rendered":"\t\t<div data-elementor-type=\"wp-page\" data-elementor-id=\"14147\" class=\"elementor elementor-14147\" data-elementor-post-type=\"page\">\n\t\t\t\t<div class=\"elementor-element elementor-element-cfccb39 e-flex e-con-boxed e-con e-parent\" data-id=\"cfccb39\" data-element_type=\"container\" data-e-type=\"container\">\n\t\t\t\t\t<div class=\"e-con-inner\">\n\t\t\t\t<div class=\"elementor-element elementor-element-dcda27a elementor-widget elementor-widget-text-editor\" data-id=\"dcda27a\" data-element_type=\"widget\" data-e-type=\"widget\" data-widget_type=\"text-editor.default\">\n\t\t\t\t\t\t\t\t\t<div class=\"WaaZC\"><div class=\"rPeykc\" data-hveid=\"CDIQAQ\" data-ved=\"2ahUKEwjAhbv_l8uMAxWHqJUCHaLCFKsQo_EKegQIMhAB\">A consultoria de redes \u00e9 um servi\u00e7o que analisa e orienta a infraestrutura de rede de uma empresa. O objetivo \u00e9 melhorar a performance e seguran\u00e7a da rede, al\u00e9m de reduzir custos e aumentar receitas.<\/div><div data-hveid=\"CDIQAQ\" data-ved=\"2ahUKEwjAhbv_l8uMAxWHqJUCHaLCFKsQo_EKegQIMhAB\">\u00a0<\/div><div class=\"rPeykc\" data-hveid=\"CDIQAQ\" data-ved=\"2ahUKEwjAhbv_l8uMAxWHqJUCHaLCFKsQo_EKegQIMhAB\"><strong>O que \u00e9 feito numa consultoria de redes?<br \/><\/strong>An\u00e1lise do funcionamento da rede<br \/>Projeto de rede, incluindo sele\u00e7\u00e3o de equipamentos e topologia<br \/>Implementa\u00e7\u00e3o de medidas de seguran\u00e7a, como firewalls e criptografia<br \/>Identifica\u00e7\u00e3o de gargalos e otimiza\u00e7\u00e3o de desempenho<br \/>Orienta\u00e7\u00e3o estrat\u00e9gica para redu\u00e7\u00e3o de custos e aumento de receitas<br \/>Sugest\u00e3o de novos produtos de rede<strong><br \/><\/strong><\/div><div class=\"rPeykc\" data-hveid=\"CDIQAQ\" data-ved=\"2ahUKEwjAhbv_l8uMAxWHqJUCHaLCFKsQo_EKegQIMhAB\">\u00a0<\/div><\/div>\t\t\t\t\t\t\t\t<\/div>\n\t\t\t\t\t<\/div>\n\t\t\t\t<\/div>\n\t\t\t\t<\/div>\n\t\t","protected":false},"excerpt":{"rendered":"<p>A consultoria de redes \u00e9 um servi\u00e7o que analisa e orienta a infraestrutura de rede de uma empresa. O objetivo \u00e9 melhorar a performance e seguran\u00e7a da rede, al\u00e9m de reduzir custos e aumentar receitas.\u00a0O que \u00e9 feito numa consultoria de redes?An\u00e1lise do funcionamento da redeProjeto de rede, incluindo sele\u00e7\u00e3o de equipamentos e topologiaImplementa\u00e7\u00e3o de [&hellip;]<\/p>\n","protected":false},"author":2,"featured_media":14637,"parent":0,"menu_order":0,"comment_status":"closed","ping_status":"closed","template":"","meta":{"footnotes":""},"class_list":["post-14147","page","type-page","status-publish","has-post-thumbnail","hentry"],"_links":{"self":[{"href":"https:\/\/netultra.com.br\/parnamirim-rn\/wp-json\/wp\/v2\/pages\/14147","targetHints":{"allow":["GET"]}}],"collection":[{"href":"https:\/\/netultra.com.br\/parnamirim-rn\/wp-json\/wp\/v2\/pages"}],"about":[{"href":"https:\/\/netultra.com.br\/parnamirim-rn\/wp-json\/wp\/v2\/types\/page"}],"author":[{"embeddable":true,"href":"https:\/\/netultra.com.br\/parnamirim-rn\/wp-json\/wp\/v2\/users\/2"}],"replies":[{"embeddable":true,"href":"https:\/\/netultra.com.br\/parnamirim-rn\/wp-json\/wp\/v2\/comments?post=14147"}],"version-history":[{"count":0,"href":"https:\/\/netultra.com.br\/parnamirim-rn\/wp-json\/wp\/v2\/pages\/14147\/revisions"}],"wp:featuredmedia":[{"embeddable":true,"href":"https:\/\/netultra.com.br\/parnamirim-rn\/wp-json\/wp\/v2\/media\/14637"}],"wp:attachment":[{"href":"https:\/\/netultra.com.br\/parnamirim-rn\/wp-json\/wp\/v2\/media?parent=14147"}],"curies":[{"name":"wp","href":"https:\/\/api.w.org\/{rel}","templated":true}]}}